{"id":3507,"date":"2024-11-01T01:45:56","date_gmt":"2024-11-01T01:45:56","guid":{"rendered":"https:\/\/teslasciencefoundation.org\/new_TSF\/?page_id=3507"},"modified":"2024-11-01T01:45:56","modified_gmt":"2024-11-01T01:45:56","slug":"serbs-in-america","status":"publish","type":"page","link":"https:\/\/teslasciencefoundation.org\/new_TSF\/serbs-in-america\/","title":{"rendered":"Serbs in America"},"content":{"rendered":"\n<figure class=\"wp-block-image size-large\"><img decoding=\"async\" width=\"1024\" height=\"680\" loading=\"lazy\" src=\"https:\/\/teslasciencefoundation.org\/new_TSF\/wp-content\/uploads\/2020\/04\/DSC_1066-1024x680.jpg\" alt=\"\" class=\"wp-image-1849\" srcset=\"https:\/\/teslasciencefoundation.org\/new_TSF\/wp-content\/uploads\/2020\/04\/DSC_1066-1024x680.jpg 1024w, https:\/\/teslasciencefoundation.org\/new_TSF\/wp-content\/uploads\/2020\/04\/DSC_1066-300x199.jpg 300w, https:\/\/teslasciencefoundation.org\/new_TSF\/wp-content\/uploads\/2020\/04\/DSC_1066-768x510.jpg 768w, https:\/\/teslasciencefoundation.org\/new_TSF\/wp-content\/uploads\/2020\/04\/DSC_1066-1536x1020.jpg 1536w, https:\/\/teslasciencefoundation.org\/new_TSF\/wp-content\/uploads\/2020\/04\/DSC_1066-2048x1360.jpg 2048w, https:\/\/teslasciencefoundation.org\/new_TSF\/wp-content\/uploads\/2020\/04\/DSC_1066-272x182.jpg 272w\" sizes=\"auto, (max-width: 1024px) 100vw, 1024px\" \/><\/figure>\n\n\n\n<h4 class=\"wp-block-heading\">IN THE SPIRIT OF NIKOLA TESLA \u2013 SERBS IN AMERICA&nbsp;&nbsp;&nbsp;&nbsp;&nbsp;&nbsp;&nbsp;<\/h4>\n\n\n\n<p>Last year during the president\u2019s speech to students in Washington D.C. about America, Nikola Tesla was mentioned&nbsp; as having contributed a great deal to his adopted country. Thereby,&nbsp; officially recognizing&nbsp; the great American scientist of Serbian origin Nikola Tesla, for his many contribution towards the industrial and scientific development and success of&nbsp; the United States.<\/p>\n\n\n\n<p>Serbian people from the Balkans have been immigrating to &nbsp;America for over two hundred years. Sailors, shipbuilders and fishermen from the Adriatic Coast,Eastern Orthodox&nbsp; Serbian missionaries and adventurers with a variety of skills, and common laborers were among the first to migrate to the USA. The first officialy registered Serb to enter America was \u0110or\u0111e Ribar \u0160agi\u0107, a young merchant, who arrived as a stowaway to Philadelphia in 1815. \u0160agi\u0107, who took an American name George Fisher, was a fighter for the independence of &nbsp;New Mexico and Texas,became a director of customs and a judge, founder of a Serbian society and Masonic lodges, writer of one of the best American adventurous novels. As a historical person, Mr George Fisher is included in &nbsp;a museum display in Houston, Texas.<\/p>\n\n\n\n<p>Further, and as a result of Fisher\u2019s personal and professional relationship with Sam Houston and Stephen F. Austin, he was selected as a delegate to assist in the laying of the corner stone of the Washington National Monument.<\/p>\n\n\n\n<p>In the beginning of the 19th century Serbian immigrants entered the southern Gulf States of\u2013 Louisiana, Texas, Mississippi, and Alabama at which time many were called upon to fight for the Confederacy.. They were also found entering &nbsp;California, as it was a haven for agriculture, fishing and mining for gold.Later they continued to the copper and coal mining states Nevada, Utah, Montana, Arizona, Pennsylvania, etc.. and then also a gold mine, so Serbian pioneers conquered Western cities Los Angeles and San Francisco. Slightly they moved towards the continental part&nbsp; \u2013 to Nevada, Utah, Montana, Arizona and Pennsylvania.<\/p>\n\n\n\n<p>Many of the early settlers were also from the same region as that of Nikola Tesla, and were conscripted to serve in the US Army during WWI of which one in particular, Col.Louis Cekula was the awarded two Medals of Honor for bravery&nbsp;&nbsp; serving both in the European and Pacific theaters.<\/p>\n\n\n\n<p>Since Nikola Tesla came to New York City in 1902 he immediately began concentrating on his goals and objectives to fullfill his American Dream by introducing his many inventions and patents that would have a positive impact on his adopted country and the world to include alternating current, the radio, wireless communications, remote control technology, etc.. to name a few.<\/p>\n\n\n\n<p>In the meantime, Nikola Tesla became an American idol and world known scientist. Today, he and his many inventions have been mentioned&nbsp; on Google 15 million times. &nbsp;The Museum of&nbsp; Nikola Tesla in Belgrade receives 300.000 emails every year, from fans and scientist alike.Thus in Belgrade it is&nbsp; often said with pride that Serbs in America are \u2013 Tesla\u2019s people.<\/p>\n\n\n\n<p>For two and a half&nbsp; centuries Serbs have managed to become a part of US history. The early history was written by ship stowaway \u0110or\u0111e \u0160agi\u0107, and famed &nbsp;scientists Mihailo Pupin and Nikola Tesla. Both of them have established endowments in New York.<\/p>\n\n\n\n<p>Forty-three years have passed since man has landed on the Moon. Names of astronauts Neil Armstrong, Edwin Aldrin and Michael Collins were written in golden letters in the history of humankind. However, not much is known about eight experts of Serbian origin who were instrumental in the design, development&nbsp; construction and launch of &nbsp;the many Apollo space capsules.. Milojko Mike Vu\u010deli\u0107 was a project manager, and one of the directors of &nbsp;Apollo program from 1966 to 1978, and was awarded the Medal of Freedom by President Johnson for his&nbsp;role as scientific&nbsp; advisor during the&nbsp;rescue of the Apollo 13 from disaster.<\/p>\n\n\n\n<p>In addition to Mike Vucelic as Apollo Program Manager, the following American Serbs were also members of the team:<\/p>\n\n\n\n<p>David Vuich, NASA\/Rockwell International Project\/Program Coordinator<\/p>\n\n\n\n<p>Danilo Bojic, Systems Engineer, Designer of Apollo Emergency Escape System<\/p>\n\n\n\n<p>Slavoljub Vujic, Avionics Systems Engineer<\/p>\n\n\n\n<p>Peter Gaich, Electronics Engineer<\/p>\n\n\n\n<p>Milosh Subatovich, Structural Engineer<\/p>\n\n\n\n<p>Peter Duich, Project Engineer<\/p>\n\n\n\n<p>Other prominent&nbsp; American-Serbs in the Aviation and Aerospace Industry:<\/p>\n\n\n\n<p>Nickolas Chabraja, President\/CEO General Dynamics (retired)<\/p>\n\n\n\n<p>Phebe Novakovich, President\/CEO General Dynamics<\/p>\n\n\n\n<p>Welko Gasich, Sr, Vice President, Northrop Grumman, Chief Aero Engineer for the T-38, F-5, F-20 and B-2 Bomber<\/p>\n\n\n\n<p>Dragisha (Gish) Jovanovich, President McCullough Aviation Designed the first Gyrocopter<\/p>\n\n\n\n<p>Mike Begovich, President, Litton Industries<\/p>\n\n\n\n<p>George Vucerovich, V. President, Lockheed\/Martin Information Technologies<\/p>\n\n\n\n<p>Vern Pupich, Test Engineer, Chief Test Pilot of DC-3 Douglas Aircraft<\/p>\n\n\n\n<p>Dan Sabovich, President, Mojave Airport, Established Largest Flight Test Facility<\/p>\n\n\n\n<p>Universities:<\/p>\n\n\n\n<p>&nbsp;&nbsp;&nbsp; Dr. Jasmina Vujic, Prof. of Nuclear Physics, Univ. of Calif<\/p>\n\n\n\n<p>&nbsp;&nbsp;&nbsp; Dr. Michael Pravica, Prof .of Physics Univ of Nevada<\/p>\n\n\n\n<p>&nbsp;&nbsp;&nbsp; Dr. Vojin Jaksomovich, Prof of Nuclear Physics (retired)<\/p>\n\n\n\n<p>There are an estimated 5000 leading professors, assistants, scientists and researchers of Serbian origin in the US vowing to become the next Nikola Tesla.<\/p>\n\n\n\n<p>Military:<\/p>\n\n\n\n<p>&nbsp;&nbsp;&nbsp; Lt. General Edward Radkovich USAF<\/p>\n\n\n\n<p>&nbsp;&nbsp;&nbsp; Maj. General Rudy Ostovich Army Aviation Commander<\/p>\n\n\n\n<p>&nbsp;&nbsp;&nbsp; Maj. General George Karamarkovich, US Marine Aviation Commander<\/p>\n\n\n\n<p>&nbsp;&nbsp;&nbsp; Maj. General Mele Vojvodich, USAF, SR 71 Blackbird Test Pilot<\/p>\n\n\n\n<p>&nbsp;&nbsp;&nbsp; Maj. General Mike Pavich, USAF Wing Commander<\/p>\n\n\n\n<p>&nbsp;&nbsp;&nbsp; Maj. General Gary Batinich, USAF Wing Commander<\/p>\n\n\n\n<p>&nbsp;&nbsp;&nbsp; Brig. General Karen Djurich, Information Technology<\/p>\n\n\n\n<p>Medal of Honors:<\/p>\n\n\n\n<p>&nbsp;&nbsp;&nbsp;&nbsp; Capt. Lance Sijan, USAF Viet Nam<\/p>\n\n\n\n<p>&nbsp;&nbsp;&nbsp;&nbsp; Col. Mitchel (Vujnovich) Page US Marine Corp WWII<\/p>\n\n\n\n<p>&nbsp;&nbsp;&nbsp;&nbsp; Sgt\/ Alex Mandich US Army WWII<\/p>\n\n\n\n<p>&nbsp;&nbsp;&nbsp;&nbsp; Col. Louis Cukela , Two Medals of Honor, WWII<\/p>\n\n\n\n<p>The spirit of Nikola Tesla can be found in the future generations of Serbian immigrants and American&nbsp; Serbs who consider him their personal scientific and humanitarian visionary.<\/p>\n\n\n\n<p>We thank Nikola Tesla for his never ending legacy.<\/p>\n","protected":false},"excerpt":{"rendered":"<p>IN THE SPIRIT OF NIKOLA TESLA \u2013 SERBS IN AMERICA&nbsp;&nbsp;&nbsp;&nbsp;&nbsp;&nbsp;&nbsp; Last year during the president\u2019s speech to students in Washington D.C. about America, Nikola Tesla was mentioned&nbsp; as having contributed a great deal to his adopted country. Thereby,&nbsp; officially recognizing&nbsp; the great American scientist of Serbian origin Nikola Tesla, for his many contribution towards the [&hellip;]<\/p>\n","protected":false},"author":1,"featured_media":0,"parent":0,"menu_order":0,"comment_status":"closed","ping_status":"closed","template":"","meta":{"give_campaign_id":0,"nf_dc_page":"","footnotes":""},"class_list":["post-3507","page","type-page","status-publish","hentry"],"campaignId":"","_links":{"self":[{"href":"https:\/\/teslasciencefoundation.org\/new_TSF\/wp-json\/wp\/v2\/pages\/3507","targetHints":{"allow":["GET"]}}],"collection":[{"href":"https:\/\/teslasciencefoundation.org\/new_TSF\/wp-json\/wp\/v2\/pages"}],"about":[{"href":"https:\/\/teslasciencefoundation.org\/new_TSF\/wp-json\/wp\/v2\/types\/page"}],"author":[{"embeddable":true,"href":"https:\/\/teslasciencefoundation.org\/new_TSF\/wp-json\/wp\/v2\/users\/1"}],"replies":[{"embeddable":true,"href":"https:\/\/teslasciencefoundation.org\/new_TSF\/wp-json\/wp\/v2\/comments?post=3507"}],"version-history":[{"count":1,"href":"https:\/\/teslasciencefoundation.org\/new_TSF\/wp-json\/wp\/v2\/pages\/3507\/revisions"}],"predecessor-version":[{"id":3508,"href":"https:\/\/teslasciencefoundation.org\/new_TSF\/wp-json\/wp\/v2\/pages\/3507\/revisions\/3508"}],"wp:attachment":[{"href":"https:\/\/teslasciencefoundation.org\/new_TSF\/wp-json\/wp\/v2\/media?parent=3507"}],"curies":[{"name":"wp","href":"https:\/\/api.w.org\/{rel}","templated":true}]}}